{"id":13161,"date":"2025-01-08T19:24:40","date_gmt":"2025-01-08T18:24:40","guid":{"rendered":"https:\/\/www.gattifiltrazionilubrificanti.it\/service\/"},"modified":"2025-03-14T11:48:56","modified_gmt":"2025-03-14T10:48:56","slug":"service","status":"publish","type":"page","link":"https:\/\/www.gattifiltrazionilubrificanti.it\/de\/service\/","title":{"rendered":"Service"},"content":{"rendered":"\t\t<div data-elementor-type=\"wp-page\" data-elementor-id=\"13161\" class=\"elementor elementor-13161 elementor-7757\" data-elementor-post-type=\"page\">\n\t\t\t\t\t\t<section class=\"elementor-section elementor-top-section elementor-element elementor-element-68de13b elementor-section-height-min-height elementor-section-items-stretch elementor-section-boxed elementor-section-height-default\" data-id=\"68de13b\" data-element_type=\"section\" data-settings=\"{&quot;background_background&quot;:&quot;classic&quot;}\">\n\t\t\t\t\t\t\t<div class=\"elementor-background-overlay\"><\/div>\n\t\t\t\t\t\t\t<div class=\"elementor-container elementor-column-gap-wider\">\n\t\t\t\t\t<div class=\"elementor-column elementor-col-100 elementor-top-column elementor-element elementor-element-23a0732\" data-id=\"23a0732\" data-element_type=\"column\">\n\t\t\t<div class=\"elementor-widget-wrap elementor-element-populated\">\n\t\t\t\t\t\t<div class=\"elementor-element elementor-element-1953f58 elementor-invisible elementor-widget elementor-widget-heading\" data-id=\"1953f58\" data-element_type=\"widget\" data-settings=\"{&quot;_animation&quot;:&quot;fadeIn&quot;,&quot;_animation_delay&quot;:300}\" data-widget_type=\"heading.default\">\n\t\t\t\t<div class=\"elementor-widget-container\">\n\t\t\t\t\t<h1 class=\"elementor-heading-title elementor-size-default\"><span class=\"evidenzia\">Service<\/span><\/h1>\t\t\t\t<\/div>\n\t\t\t\t<\/div>\n\t\t\t\t<div class=\"elementor-element elementor-element-6b90066 elementor-widget__width-auto elementor-absolute elementor-widget elementor-widget-image\" data-id=\"6b90066\" data-element_type=\"widget\" data-settings=\"{&quot;_position&quot;:&quot;absolute&quot;}\" data-widget_type=\"image.default\">\n\t\t\t\t<div class=\"elementor-widget-container\">\n\t\t\t\t\t\t\t\t\t\t\t\t\t\t\t<img decoding=\"async\" width=\"77\" height=\"182\" src=\"https:\/\/www.gattifiltrazionilubrificanti.it\/wp-content\/uploads\/2025\/01\/trattini-bianchi-90.svg\" class=\"attachment-full size-full wp-image-13208\" alt=\"\" \/>\t\t\t\t\t\t\t\t\t\t\t\t\t\t\t<\/div>\n\t\t\t\t<\/div>\n\t\t\t\t<div class=\"elementor-element elementor-element-9496873 elementor-widget__width-auto elementor-absolute elementor-widget elementor-widget-image\" data-id=\"9496873\" data-element_type=\"widget\" data-settings=\"{&quot;_position&quot;:&quot;absolute&quot;}\" data-widget_type=\"image.default\">\n\t\t\t\t<div class=\"elementor-widget-container\">\n\t\t\t\t\t\t\t\t\t\t\t\t\t\t\t<img decoding=\"async\" width=\"41\" height=\"28\" src=\"https:\/\/www.gattifiltrazionilubrificanti.it\/wp-content\/uploads\/2025\/01\/onda-gialla.svg\" class=\"attachment-full size-full wp-image-13210\" alt=\"\" \/>\t\t\t\t\t\t\t\t\t\t\t\t\t\t\t<\/div>\n\t\t\t\t<\/div>\n\t\t\t\t<div class=\"elementor-element elementor-element-57a1cb4 elementor-widget__width-auto elementor-absolute elementor-hidden-mobile elementor-widget elementor-widget-image\" data-id=\"57a1cb4\" data-element_type=\"widget\" data-settings=\"{&quot;_position&quot;:&quot;absolute&quot;,&quot;motion_fx_motion_fx_mouse&quot;:&quot;yes&quot;,&quot;motion_fx_mouseTrack_effect&quot;:&quot;yes&quot;,&quot;motion_fx_mouseTrack_speed&quot;:{&quot;unit&quot;:&quot;px&quot;,&quot;size&quot;:1,&quot;sizes&quot;:[]}}\" data-widget_type=\"image.default\">\n\t\t\t\t<div class=\"elementor-widget-container\">\n\t\t\t\t\t\t\t\t\t\t\t\t\t\t\t<img decoding=\"async\" width=\"41\" height=\"28\" src=\"https:\/\/www.gattifiltrazionilubrificanti.it\/wp-content\/uploads\/2025\/01\/onda-gialla.svg\" class=\"attachment-full size-full wp-image-13210\" alt=\"\" \/>\t\t\t\t\t\t\t\t\t\t\t\t\t\t\t<\/div>\n\t\t\t\t<\/div>\n\t\t\t\t<div class=\"elementor-element elementor-element-d651e0a elementor-widget__width-auto elementor-absolute elementor-hidden-mobile elementor-widget elementor-widget-image\" data-id=\"d651e0a\" data-element_type=\"widget\" data-settings=\"{&quot;_position&quot;:&quot;absolute&quot;,&quot;motion_fx_motion_fx_mouse&quot;:&quot;yes&quot;,&quot;motion_fx_mouseTrack_effect&quot;:&quot;yes&quot;,&quot;motion_fx_mouseTrack_direction&quot;:&quot;negative&quot;,&quot;motion_fx_mouseTrack_speed&quot;:{&quot;unit&quot;:&quot;px&quot;,&quot;size&quot;:1,&quot;sizes&quot;:[]}}\" data-widget_type=\"image.default\">\n\t\t\t\t<div class=\"elementor-widget-container\">\n\t\t\t\t\t\t\t\t\t\t\t\t\t\t\t<img decoding=\"async\" width=\"49\" height=\"62\" src=\"https:\/\/www.gattifiltrazionilubrificanti.it\/wp-content\/uploads\/2025\/01\/goccia-gialla.svg\" class=\"attachment-full size-full wp-image-13212\" alt=\"\" \/>\t\t\t\t\t\t\t\t\t\t\t\t\t\t\t<\/div>\n\t\t\t\t<\/div>\n\t\t\t\t<div class=\"elementor-element elementor-element-9c29a7b elementor-widget__width-auto elementor-absolute elementor-hidden-mobile elementor-widget elementor-widget-image\" data-id=\"9c29a7b\" data-element_type=\"widget\" data-settings=\"{&quot;_position&quot;:&quot;absolute&quot;,&quot;motion_fx_motion_fx_mouse&quot;:&quot;yes&quot;,&quot;motion_fx_mouseTrack_effect&quot;:&quot;yes&quot;,&quot;motion_fx_mouseTrack_direction&quot;:&quot;negative&quot;,&quot;motion_fx_mouseTrack_speed&quot;:{&quot;unit&quot;:&quot;px&quot;,&quot;size&quot;:1,&quot;sizes&quot;:[]}}\" data-widget_type=\"image.default\">\n\t\t\t\t<div class=\"elementor-widget-container\">\n\t\t\t\t\t\t\t\t\t\t\t\t\t\t\t<img loading=\"lazy\" decoding=\"async\" width=\"51\" height=\"55\" src=\"https:\/\/www.gattifiltrazionilubrificanti.it\/wp-content\/uploads\/2025\/01\/gocce-gialle.svg\" class=\"attachment-full size-full wp-image-13211\" alt=\"\" \/>\t\t\t\t\t\t\t\t\t\t\t\t\t\t\t<\/div>\n\t\t\t\t<\/div>\n\t\t\t\t\t<\/div>\n\t\t<\/div>\n\t\t\t\t\t<\/div>\n\t\t<\/section>\n\t\t\t\t<section class=\"elementor-section elementor-top-section elementor-element elementor-element-b88a4e6 elementor-section-boxed elementor-section-height-default elementor-section-height-default\" data-id=\"b88a4e6\" data-element_type=\"section\">\n\t\t\t\t\t\t<div class=\"elementor-container elementor-column-gap-wider\">\n\t\t\t\t\t<div class=\"elementor-column elementor-col-50 elementor-top-column elementor-element elementor-element-c516c29\" data-id=\"c516c29\" data-element_type=\"column\">\n\t\t\t<div class=\"elementor-widget-wrap elementor-element-populated\">\n\t\t\t\t\t\t<div class=\"elementor-element elementor-element-50fe8f0 elementor-cta--skin-cover elementor-cta--valign-middle elementor-animated-content elementor-bg-transform elementor-bg-transform-zoom-in elementor-widget elementor-widget-call-to-action\" data-id=\"50fe8f0\" data-element_type=\"widget\" data-widget_type=\"call-to-action.default\">\n\t\t\t\t<div class=\"elementor-widget-container\">\n\t\t\t\t\t\t\t<a class=\"elementor-cta\" href=\"https:\/\/www.gattifiltrazionilubrificanti.it\/de\/service\/spuelung-von-anlagen\/\">\n\t\t\t\t\t<div class=\"elementor-cta__bg-wrapper\">\n\t\t\t\t<div class=\"elementor-cta__bg elementor-bg\" style=\"background-image: url(https:\/\/www.gattifiltrazionilubrificanti.it\/wp-content\/uploads\/2025\/01\/bg-titolo-flussaggio-1024x490.jpg);\" role=\"img\" aria-label=\"bg-titolo-flussaggio\"><\/div>\n\t\t\t\t<div class=\"elementor-cta__bg-overlay\"><\/div>\n\t\t\t<\/div>\n\t\t\t\t\t\t\t<div class=\"elementor-cta__content\">\n\t\t\t\t\n\t\t\t\t\t\t\t\t\t<h2 class=\"elementor-cta__title elementor-cta__content-item elementor-content-item elementor-animated-item--grow\">\n\t\t\t\t\t\tSp\u00fclung von Anlagen\t\t\t\t\t<\/h2>\n\t\t\t\t\n\t\t\t\t\n\t\t\t\t\t\t\t<\/div>\n\t\t\t\t\t\t<\/a>\n\t\t\t\t\t\t<\/div>\n\t\t\t\t<\/div>\n\t\t\t\t\t<\/div>\n\t\t<\/div>\n\t\t\t\t<div class=\"elementor-column elementor-col-50 elementor-top-column elementor-element elementor-element-5e3a541\" data-id=\"5e3a541\" data-element_type=\"column\">\n\t\t\t<div class=\"elementor-widget-wrap elementor-element-populated\">\n\t\t\t\t\t\t<div class=\"elementor-element elementor-element-320d33d elementor-cta--skin-cover elementor-cta--valign-middle elementor-animated-content elementor-bg-transform elementor-bg-transform-zoom-in elementor-widget elementor-widget-call-to-action\" data-id=\"320d33d\" data-element_type=\"widget\" data-widget_type=\"call-to-action.default\">\n\t\t\t\t<div class=\"elementor-widget-container\">\n\t\t\t\t\t\t\t<a class=\"elementor-cta\" href=\"https:\/\/www.gattifiltrazionilubrificanti.it\/de\/service\/reinigung-und-filtration-von-anlagen\/\">\n\t\t\t\t\t<div class=\"elementor-cta__bg-wrapper\">\n\t\t\t\t<div class=\"elementor-cta__bg elementor-bg\" style=\"background-image: url(https:\/\/www.gattifiltrazionilubrificanti.it\/wp-content\/uploads\/2025\/01\/bg-titolo-svuotamento-1024x490.jpg);\" role=\"img\" aria-label=\"bg-titolo-svuotamento\"><\/div>\n\t\t\t\t<div class=\"elementor-cta__bg-overlay\"><\/div>\n\t\t\t<\/div>\n\t\t\t\t\t\t\t<div class=\"elementor-cta__content\">\n\t\t\t\t\n\t\t\t\t\t\t\t\t\t<h2 class=\"elementor-cta__title elementor-cta__content-item elementor-content-item elementor-animated-item--grow\">\n\t\t\t\t\t\tReinigung und Filtration von Anlagen\t\t\t\t\t<\/h2>\n\t\t\t\t\n\t\t\t\t\n\t\t\t\t\t\t\t<\/div>\n\t\t\t\t\t\t<\/a>\n\t\t\t\t\t\t<\/div>\n\t\t\t\t<\/div>\n\t\t\t\t\t<\/div>\n\t\t<\/div>\n\t\t\t\t\t<\/div>\n\t\t<\/section>\n\t\t\t\t<section class=\"elementor-section elementor-top-section elementor-element elementor-element-d90af9a elementor-section-boxed elementor-section-height-default elementor-section-height-default\" data-id=\"d90af9a\" data-element_type=\"section\">\n\t\t\t\t\t\t<div class=\"elementor-container elementor-column-gap-wider\">\n\t\t\t\t\t<div class=\"elementor-column elementor-col-50 elementor-top-column elementor-element elementor-element-3af0837\" data-id=\"3af0837\" data-element_type=\"column\">\n\t\t\t<div class=\"elementor-widget-wrap elementor-element-populated\">\n\t\t\t\t\t\t<div class=\"elementor-element elementor-element-133e7e2 elementor-cta--skin-cover elementor-cta--valign-middle elementor-animated-content elementor-bg-transform elementor-bg-transform-zoom-in elementor-widget elementor-widget-call-to-action\" data-id=\"133e7e2\" data-element_type=\"widget\" data-widget_type=\"call-to-action.default\">\n\t\t\t\t<div class=\"elementor-widget-container\">\n\t\t\t\t\t\t\t<a class=\"elementor-cta\" href=\"https:\/\/www.gattifiltrazionilubrificanti.it\/de\/service\/schnelle-und-aussergewoehnliche-unterstuetzung\/\">\n\t\t\t\t\t<div class=\"elementor-cta__bg-wrapper\">\n\t\t\t\t<div class=\"elementor-cta__bg elementor-bg\" style=\"background-image: url(https:\/\/www.gattifiltrazionilubrificanti.it\/wp-content\/uploads\/2025\/01\/bg-titolo-assistenza-1024x490.jpg);\" role=\"img\" aria-label=\"bg-titolo-assistenza\"><\/div>\n\t\t\t\t<div class=\"elementor-cta__bg-overlay\"><\/div>\n\t\t\t<\/div>\n\t\t\t\t\t\t\t<div class=\"elementor-cta__content\">\n\t\t\t\t\n\t\t\t\t\t\t\t\t\t<h2 class=\"elementor-cta__title elementor-cta__content-item elementor-content-item elementor-animated-item--grow\">\n\t\t\t\t\t\tAussergew\u00f6hnlicher Schnelldienst\t\t\t\t\t<\/h2>\n\t\t\t\t\n\t\t\t\t\n\t\t\t\t\t\t\t<\/div>\n\t\t\t\t\t\t<\/a>\n\t\t\t\t\t\t<\/div>\n\t\t\t\t<\/div>\n\t\t\t\t\t<\/div>\n\t\t<\/div>\n\t\t\t\t<div class=\"elementor-column elementor-col-50 elementor-top-column elementor-element elementor-element-16c0785\" data-id=\"16c0785\" data-element_type=\"column\">\n\t\t\t<div class=\"elementor-widget-wrap elementor-element-populated\">\n\t\t\t\t\t\t<div class=\"elementor-element elementor-element-17379fa elementor-cta--skin-cover elementor-cta--valign-middle elementor-animated-content elementor-bg-transform elementor-bg-transform-zoom-in elementor-widget elementor-widget-call-to-action\" data-id=\"17379fa\" data-element_type=\"widget\" data-widget_type=\"call-to-action.default\">\n\t\t\t\t<div class=\"elementor-widget-container\">\n\t\t\t\t\t\t\t<a class=\"elementor-cta\" href=\"https:\/\/www.gattifiltrazionilubrificanti.it\/de\/service\/online-technical-support\/\">\n\t\t\t\t\t<div class=\"elementor-cta__bg-wrapper\">\n\t\t\t\t<div class=\"elementor-cta__bg elementor-bg\" style=\"background-image: url(https:\/\/www.gattifiltrazionilubrificanti.it\/wp-content\/uploads\/2025\/01\/bg-titolo-supporto-1024x490.jpg);\" role=\"img\" aria-label=\"bg-titolo-supporto\"><\/div>\n\t\t\t\t<div class=\"elementor-cta__bg-overlay\"><\/div>\n\t\t\t<\/div>\n\t\t\t\t\t\t\t<div class=\"elementor-cta__content\">\n\t\t\t\t\n\t\t\t\t\t\t\t\t\t<h2 class=\"elementor-cta__title elementor-cta__content-item elementor-content-item elementor-animated-item--grow\">\n\t\t\t\t\t\tOnline Technical Support\t\t\t\t\t<\/h2>\n\t\t\t\t\n\t\t\t\t\n\t\t\t\t\t\t\t<\/div>\n\t\t\t\t\t\t<\/a>\n\t\t\t\t\t\t<\/div>\n\t\t\t\t<\/div>\n\t\t\t\t\t<\/div>\n\t\t<\/div>\n\t\t\t\t\t<\/div>\n\t\t<\/section>\n\t\t\t\t<\/div>\n\t\t","protected":false},"excerpt":{"rendered":"<p>Service Sp\u00fclung von Anlagen Reinigung und Filtration von Anlagen Aussergew\u00f6hnlicher Schnelldienst Online Technical Support<\/p>\n","protected":false},"author":1,"featured_media":0,"parent":0,"menu_order":0,"comment_status":"closed","ping_status":"closed","template":"","meta":{"footnotes":""},"class_list":["post-13161","page","type-page","status-publish","hentry"],"yoast_head":"<!-- This site is optimized with the Yoast SEO plugin v26.8 - https:\/\/yoast.com\/product\/yoast-seo-wordpress\/ -->\n<title>Service - Gatti - Schmiermittelfiltration - Industrielle Maschinenfiltration<\/title>\n<meta name=\"robots\" content=\"index, follow, max-snippet:-1, max-image-preview:large, max-video-preview:-1\" \/>\n<link rel=\"canonical\" href=\"https:\/\/www.gattifiltrazionilubrificanti.it\/de\/service\/\" \/>\n<meta property=\"og:locale\" content=\"de_DE\" \/>\n<meta property=\"og:type\" content=\"article\" \/>\n<meta property=\"og:title\" content=\"Service - Gatti - Schmiermittelfiltration - Industrielle Maschinenfiltration\" \/>\n<meta property=\"og:description\" content=\"Service Sp\u00fclung von Anlagen Reinigung und Filtration von Anlagen Aussergew\u00f6hnlicher Schnelldienst Online Technical Support\" \/>\n<meta property=\"og:url\" content=\"https:\/\/www.gattifiltrazionilubrificanti.it\/de\/service\/\" \/>\n<meta property=\"og:site_name\" content=\"Gatti - Schmiermittelfiltration - Industrielle Maschinenfiltration\" \/>\n<meta property=\"article:publisher\" content=\"https:\/\/www.facebook.com\/Gattifiltrazionilubrificanti\/\" \/>\n<meta property=\"article:modified_time\" content=\"2025-03-14T10:48:56+00:00\" \/>\n<meta property=\"og:image\" content=\"https:\/\/www.gattifiltrazionilubrificanti.it\/wp-content\/uploads\/2025\/01\/gatti-07.jpg\" \/>\n\t<meta property=\"og:image:width\" content=\"1600\" \/>\n\t<meta property=\"og:image:height\" content=\"1067\" \/>\n\t<meta property=\"og:image:type\" content=\"image\/jpeg\" \/>\n<meta name=\"twitter:card\" content=\"summary_large_image\" \/>\n<script type=\"application\/ld+json\" class=\"yoast-schema-graph\">{\"@context\":\"https:\/\/schema.org\",\"@graph\":[{\"@type\":\"WebPage\",\"@id\":\"https:\/\/www.gattifiltrazionilubrificanti.it\/de\/service\/\",\"url\":\"https:\/\/www.gattifiltrazionilubrificanti.it\/de\/service\/\",\"name\":\"Service - Gatti - Schmiermittelfiltration - Industrielle Maschinenfiltration\",\"isPartOf\":{\"@id\":\"https:\/\/www.gattifiltrazionilubrificanti.it\/de\/#website\"},\"primaryImageOfPage\":{\"@id\":\"https:\/\/www.gattifiltrazionilubrificanti.it\/de\/service\/#primaryimage\"},\"image\":{\"@id\":\"https:\/\/www.gattifiltrazionilubrificanti.it\/de\/service\/#primaryimage\"},\"thumbnailUrl\":\"https:\/\/www.gattifiltrazionilubrificanti.it\/wp-content\/uploads\/2025\/01\/trattini-bianchi-90.svg\",\"datePublished\":\"2025-01-08T18:24:40+00:00\",\"dateModified\":\"2025-03-14T10:48:56+00:00\",\"breadcrumb\":{\"@id\":\"https:\/\/www.gattifiltrazionilubrificanti.it\/de\/service\/#breadcrumb\"},\"inLanguage\":\"de\",\"potentialAction\":[{\"@type\":\"ReadAction\",\"target\":[\"https:\/\/www.gattifiltrazionilubrificanti.it\/de\/service\/\"]}]},{\"@type\":\"ImageObject\",\"inLanguage\":\"de\",\"@id\":\"https:\/\/www.gattifiltrazionilubrificanti.it\/de\/service\/#primaryimage\",\"url\":\"https:\/\/www.gattifiltrazionilubrificanti.it\/wp-content\/uploads\/2025\/01\/trattini-bianchi-90.svg\",\"contentUrl\":\"https:\/\/www.gattifiltrazionilubrificanti.it\/wp-content\/uploads\/2025\/01\/trattini-bianchi-90.svg\"},{\"@type\":\"BreadcrumbList\",\"@id\":\"https:\/\/www.gattifiltrazionilubrificanti.it\/de\/service\/#breadcrumb\",\"itemListElement\":[{\"@type\":\"ListItem\",\"position\":1,\"name\":\"Home\",\"item\":\"https:\/\/www.gattifiltrazionilubrificanti.it\/de\/\"},{\"@type\":\"ListItem\",\"position\":2,\"name\":\"Service\"}]},{\"@type\":\"WebSite\",\"@id\":\"https:\/\/www.gattifiltrazionilubrificanti.it\/de\/#website\",\"url\":\"https:\/\/www.gattifiltrazionilubrificanti.it\/de\/\",\"name\":\"Gatti - Filtrazioni Lubrificanti - Filtrazioni Macchine Industriali\",\"description\":\"Analyse, Filtration und Management von Schmier\u00f6len. Tribologische Analysen, ma\u00dfgeschneiderte Behandlungen und Maschinenverleih f\u00fcr die industrielle \u00d6lfiltration.\",\"publisher\":{\"@id\":\"https:\/\/www.gattifiltrazionilubrificanti.it\/de\/#organization\"},\"alternateName\":\"Gatti Filtrazioni Lubrificanti\",\"potentialAction\":[{\"@type\":\"SearchAction\",\"target\":{\"@type\":\"EntryPoint\",\"urlTemplate\":\"https:\/\/www.gattifiltrazionilubrificanti.it\/de\/?s={search_term_string}\"},\"query-input\":{\"@type\":\"PropertyValueSpecification\",\"valueRequired\":true,\"valueName\":\"search_term_string\"}}],\"inLanguage\":\"de\"},{\"@type\":\"Organization\",\"@id\":\"https:\/\/www.gattifiltrazionilubrificanti.it\/de\/#organization\",\"name\":\"Gatti - Filtrazioni Lubrificanti\",\"url\":\"https:\/\/www.gattifiltrazionilubrificanti.it\/de\/\",\"logo\":{\"@type\":\"ImageObject\",\"inLanguage\":\"de\",\"@id\":\"https:\/\/www.gattifiltrazionilubrificanti.it\/de\/#\/schema\/logo\/image\/\",\"url\":\"https:\/\/www.gattifiltrazionilubrificanti.it\/wp-content\/uploads\/2020\/12\/gatti-logo-2.png\",\"contentUrl\":\"https:\/\/www.gattifiltrazionilubrificanti.it\/wp-content\/uploads\/2020\/12\/gatti-logo-2.png\",\"width\":800,\"height\":250,\"caption\":\"Gatti - Filtrazioni Lubrificanti\"},\"image\":{\"@id\":\"https:\/\/www.gattifiltrazionilubrificanti.it\/de\/#\/schema\/logo\/image\/\"},\"sameAs\":[\"https:\/\/www.facebook.com\/Gattifiltrazionilubrificanti\/\",\"https:\/\/www.instagram.com\/gattifiltrazionilubrificanti\/\",\"https:\/\/www.linkedin.com\/company\/gatti-filtrazioni-lubrificanti\/\",\"https:\/\/www.youtube.com\/channel\/UCx6aUZ_JiM-EK2e_mQ8-vTg\/videos\"]}]}<\/script>\n<!-- \/ Yoast SEO plugin. -->","yoast_head_json":{"title":"Service - Gatti - Schmiermittelfiltration - Industrielle Maschinenfiltration","robots":{"index":"index","follow":"follow","max-snippet":"max-snippet:-1","max-image-preview":"max-image-preview:large","max-video-preview":"max-video-preview:-1"},"canonical":"https:\/\/www.gattifiltrazionilubrificanti.it\/de\/service\/","og_locale":"de_DE","og_type":"article","og_title":"Service - Gatti - Schmiermittelfiltration - Industrielle Maschinenfiltration","og_description":"Service Sp\u00fclung von Anlagen Reinigung und Filtration von Anlagen Aussergew\u00f6hnlicher Schnelldienst Online Technical Support","og_url":"https:\/\/www.gattifiltrazionilubrificanti.it\/de\/service\/","og_site_name":"Gatti - Schmiermittelfiltration - Industrielle Maschinenfiltration","article_publisher":"https:\/\/www.facebook.com\/Gattifiltrazionilubrificanti\/","article_modified_time":"2025-03-14T10:48:56+00:00","og_image":[{"width":1600,"height":1067,"url":"https:\/\/www.gattifiltrazionilubrificanti.it\/wp-content\/uploads\/2025\/01\/gatti-07.jpg","type":"image\/jpeg"}],"twitter_card":"summary_large_image","schema":{"@context":"https:\/\/schema.org","@graph":[{"@type":"WebPage","@id":"https:\/\/www.gattifiltrazionilubrificanti.it\/de\/service\/","url":"https:\/\/www.gattifiltrazionilubrificanti.it\/de\/service\/","name":"Service - Gatti - Schmiermittelfiltration - Industrielle Maschinenfiltration","isPartOf":{"@id":"https:\/\/www.gattifiltrazionilubrificanti.it\/de\/#website"},"primaryImageOfPage":{"@id":"https:\/\/www.gattifiltrazionilubrificanti.it\/de\/service\/#primaryimage"},"image":{"@id":"https:\/\/www.gattifiltrazionilubrificanti.it\/de\/service\/#primaryimage"},"thumbnailUrl":"https:\/\/www.gattifiltrazionilubrificanti.it\/wp-content\/uploads\/2025\/01\/trattini-bianchi-90.svg","datePublished":"2025-01-08T18:24:40+00:00","dateModified":"2025-03-14T10:48:56+00:00","breadcrumb":{"@id":"https:\/\/www.gattifiltrazionilubrificanti.it\/de\/service\/#breadcrumb"},"inLanguage":"de","potentialAction":[{"@type":"ReadAction","target":["https:\/\/www.gattifiltrazionilubrificanti.it\/de\/service\/"]}]},{"@type":"ImageObject","inLanguage":"de","@id":"https:\/\/www.gattifiltrazionilubrificanti.it\/de\/service\/#primaryimage","url":"https:\/\/www.gattifiltrazionilubrificanti.it\/wp-content\/uploads\/2025\/01\/trattini-bianchi-90.svg","contentUrl":"https:\/\/www.gattifiltrazionilubrificanti.it\/wp-content\/uploads\/2025\/01\/trattini-bianchi-90.svg"},{"@type":"BreadcrumbList","@id":"https:\/\/www.gattifiltrazionilubrificanti.it\/de\/service\/#breadcrumb","itemListElement":[{"@type":"ListItem","position":1,"name":"Home","item":"https:\/\/www.gattifiltrazionilubrificanti.it\/de\/"},{"@type":"ListItem","position":2,"name":"Service"}]},{"@type":"WebSite","@id":"https:\/\/www.gattifiltrazionilubrificanti.it\/de\/#website","url":"https:\/\/www.gattifiltrazionilubrificanti.it\/de\/","name":"Gatti - Filtrazioni Lubrificanti - Filtrazioni Macchine Industriali","description":"Analyse, Filtration und Management von Schmier\u00f6len. Tribologische Analysen, ma\u00dfgeschneiderte Behandlungen und Maschinenverleih f\u00fcr die industrielle \u00d6lfiltration.","publisher":{"@id":"https:\/\/www.gattifiltrazionilubrificanti.it\/de\/#organization"},"alternateName":"Gatti Filtrazioni Lubrificanti","potentialAction":[{"@type":"SearchAction","target":{"@type":"EntryPoint","urlTemplate":"https:\/\/www.gattifiltrazionilubrificanti.it\/de\/?s={search_term_string}"},"query-input":{"@type":"PropertyValueSpecification","valueRequired":true,"valueName":"search_term_string"}}],"inLanguage":"de"},{"@type":"Organization","@id":"https:\/\/www.gattifiltrazionilubrificanti.it\/de\/#organization","name":"Gatti - Filtrazioni Lubrificanti","url":"https:\/\/www.gattifiltrazionilubrificanti.it\/de\/","logo":{"@type":"ImageObject","inLanguage":"de","@id":"https:\/\/www.gattifiltrazionilubrificanti.it\/de\/#\/schema\/logo\/image\/","url":"https:\/\/www.gattifiltrazionilubrificanti.it\/wp-content\/uploads\/2020\/12\/gatti-logo-2.png","contentUrl":"https:\/\/www.gattifiltrazionilubrificanti.it\/wp-content\/uploads\/2020\/12\/gatti-logo-2.png","width":800,"height":250,"caption":"Gatti - Filtrazioni Lubrificanti"},"image":{"@id":"https:\/\/www.gattifiltrazionilubrificanti.it\/de\/#\/schema\/logo\/image\/"},"sameAs":["https:\/\/www.facebook.com\/Gattifiltrazionilubrificanti\/","https:\/\/www.instagram.com\/gattifiltrazionilubrificanti\/","https:\/\/www.linkedin.com\/company\/gatti-filtrazioni-lubrificanti\/","https:\/\/www.youtube.com\/channel\/UCx6aUZ_JiM-EK2e_mQ8-vTg\/videos"]}]}},"_links":{"self":[{"href":"https:\/\/www.gattifiltrazionilubrificanti.it\/de\/wp-json\/wp\/v2\/pages\/13161","targetHints":{"allow":["GET"]}}],"collection":[{"href":"https:\/\/www.gattifiltrazionilubrificanti.it\/de\/wp-json\/wp\/v2\/pages"}],"about":[{"href":"https:\/\/www.gattifiltrazionilubrificanti.it\/de\/wp-json\/wp\/v2\/types\/page"}],"author":[{"embeddable":true,"href":"https:\/\/www.gattifiltrazionilubrificanti.it\/de\/wp-json\/wp\/v2\/users\/1"}],"replies":[{"embeddable":true,"href":"https:\/\/www.gattifiltrazionilubrificanti.it\/de\/wp-json\/wp\/v2\/comments?post=13161"}],"version-history":[{"count":3,"href":"https:\/\/www.gattifiltrazionilubrificanti.it\/de\/wp-json\/wp\/v2\/pages\/13161\/revisions"}],"predecessor-version":[{"id":13827,"href":"https:\/\/www.gattifiltrazionilubrificanti.it\/de\/wp-json\/wp\/v2\/pages\/13161\/revisions\/13827"}],"wp:attachment":[{"href":"https:\/\/www.gattifiltrazionilubrificanti.it\/de\/wp-json\/wp\/v2\/media?parent=13161"}],"curies":[{"name":"wp","href":"https:\/\/api.w.org\/{rel}","templated":true}]}}