{"id":13265,"date":"2025-01-12T10:28:34","date_gmt":"2025-01-12T09:28:34","guid":{"rendered":"https:\/\/www.gattifiltrazionilubrificanti.it\/testimonianze\/"},"modified":"2025-02-28T16:59:58","modified_gmt":"2025-02-28T15:59:58","slug":"referenzen","status":"publish","type":"page","link":"https:\/\/www.gattifiltrazionilubrificanti.it\/de\/referenzen\/","title":{"rendered":"Referenzen"},"content":{"rendered":"\t\t<div data-elementor-type=\"wp-page\" data-elementor-id=\"13265\" class=\"elementor elementor-13265 elementor-8955\" data-elementor-post-type=\"page\">\n\t\t\t\t\t\t<section class=\"elementor-section elementor-top-section elementor-element elementor-element-e857d97 elementor-section-height-min-height elementor-section-items-stretch elementor-section-boxed elementor-section-height-default\" data-id=\"e857d97\" data-element_type=\"section\" data-settings=\"{&quot;background_background&quot;:&quot;classic&quot;}\">\n\t\t\t\t\t\t\t<div class=\"elementor-background-overlay\"><\/div>\n\t\t\t\t\t\t\t<div class=\"elementor-container elementor-column-gap-wider\">\n\t\t\t\t\t<div class=\"elementor-column elementor-col-100 elementor-top-column elementor-element elementor-element-9a3dcbe\" data-id=\"9a3dcbe\" data-element_type=\"column\">\n\t\t\t<div class=\"elementor-widget-wrap elementor-element-populated\">\n\t\t\t\t\t\t<div class=\"elementor-element elementor-element-7f02ccb elementor-invisible elementor-widget elementor-widget-heading\" data-id=\"7f02ccb\" data-element_type=\"widget\" data-settings=\"{&quot;_animation&quot;:&quot;fadeIn&quot;,&quot;_animation_delay&quot;:300}\" data-widget_type=\"heading.default\">\n\t\t\t\t<div class=\"elementor-widget-container\">\n\t\t\t\t\t<h1 class=\"elementor-heading-title elementor-size-default\"><span class=\"evidenzia\">Referenzen<\/span><\/h1>\t\t\t\t<\/div>\n\t\t\t\t<\/div>\n\t\t\t\t<div class=\"elementor-element elementor-element-b46065f elementor-widget__width-auto elementor-absolute elementor-widget elementor-widget-image\" data-id=\"b46065f\" data-element_type=\"widget\" data-settings=\"{&quot;_position&quot;:&quot;absolute&quot;}\" data-widget_type=\"image.default\">\n\t\t\t\t<div class=\"elementor-widget-container\">\n\t\t\t\t\t\t\t\t\t\t\t\t\t\t\t<img decoding=\"async\" width=\"77\" height=\"182\" src=\"https:\/\/www.gattifiltrazionilubrificanti.it\/wp-content\/uploads\/2025\/01\/trattini-bianchi-90.svg\" class=\"attachment-full size-full wp-image-13208\" alt=\"\" \/>\t\t\t\t\t\t\t\t\t\t\t\t\t\t\t<\/div>\n\t\t\t\t<\/div>\n\t\t\t\t<div class=\"elementor-element elementor-element-d7996bf elementor-widget__width-auto elementor-absolute elementor-widget elementor-widget-image\" data-id=\"d7996bf\" data-element_type=\"widget\" data-settings=\"{&quot;_position&quot;:&quot;absolute&quot;,&quot;motion_fx_motion_fx_mouse&quot;:&quot;yes&quot;,&quot;motion_fx_mouseTrack_effect&quot;:&quot;yes&quot;,&quot;motion_fx_mouseTrack_direction&quot;:&quot;negative&quot;,&quot;motion_fx_mouseTrack_speed&quot;:{&quot;unit&quot;:&quot;px&quot;,&quot;size&quot;:1,&quot;sizes&quot;:[]}}\" data-widget_type=\"image.default\">\n\t\t\t\t<div class=\"elementor-widget-container\">\n\t\t\t\t\t\t\t\t\t\t\t\t\t\t\t<img decoding=\"async\" width=\"41\" height=\"28\" src=\"https:\/\/www.gattifiltrazionilubrificanti.it\/wp-content\/uploads\/2025\/01\/onda-gialla.svg\" class=\"attachment-full size-full wp-image-13210\" alt=\"\" \/>\t\t\t\t\t\t\t\t\t\t\t\t\t\t\t<\/div>\n\t\t\t\t<\/div>\n\t\t\t\t<div class=\"elementor-element elementor-element-e5dc4d4 elementor-widget__width-auto elementor-absolute elementor-hidden-mobile elementor-widget elementor-widget-image\" data-id=\"e5dc4d4\" data-element_type=\"widget\" data-settings=\"{&quot;_position&quot;:&quot;absolute&quot;,&quot;motion_fx_motion_fx_mouse&quot;:&quot;yes&quot;,&quot;motion_fx_mouseTrack_effect&quot;:&quot;yes&quot;,&quot;motion_fx_mouseTrack_speed&quot;:{&quot;unit&quot;:&quot;px&quot;,&quot;size&quot;:0.5,&quot;sizes&quot;:[]}}\" data-widget_type=\"image.default\">\n\t\t\t\t<div class=\"elementor-widget-container\">\n\t\t\t\t\t\t\t\t\t\t\t\t\t\t\t<img decoding=\"async\" width=\"41\" height=\"28\" src=\"https:\/\/www.gattifiltrazionilubrificanti.it\/wp-content\/uploads\/2025\/01\/onda-gialla.svg\" class=\"attachment-full size-full wp-image-13210\" alt=\"\" \/>\t\t\t\t\t\t\t\t\t\t\t\t\t\t\t<\/div>\n\t\t\t\t<\/div>\n\t\t\t\t<div class=\"elementor-element elementor-element-ac1b3fe elementor-widget__width-auto elementor-absolute elementor-hidden-mobile elementor-widget elementor-widget-image\" data-id=\"ac1b3fe\" data-element_type=\"widget\" data-settings=\"{&quot;_position&quot;:&quot;absolute&quot;,&quot;motion_fx_motion_fx_mouse&quot;:&quot;yes&quot;,&quot;motion_fx_mouseTrack_effect&quot;:&quot;yes&quot;,&quot;motion_fx_mouseTrack_speed&quot;:{&quot;unit&quot;:&quot;px&quot;,&quot;size&quot;:1,&quot;sizes&quot;:[]}}\" data-widget_type=\"image.default\">\n\t\t\t\t<div class=\"elementor-widget-container\">\n\t\t\t\t\t\t\t\t\t\t\t\t\t\t\t<img decoding=\"async\" width=\"49\" height=\"62\" src=\"https:\/\/www.gattifiltrazionilubrificanti.it\/wp-content\/uploads\/2025\/01\/goccia-gialla.svg\" class=\"attachment-full size-full wp-image-13212\" alt=\"\" \/>\t\t\t\t\t\t\t\t\t\t\t\t\t\t\t<\/div>\n\t\t\t\t<\/div>\n\t\t\t\t<div class=\"elementor-element elementor-element-50167cb elementor-widget__width-auto elementor-absolute elementor-hidden-mobile elementor-widget elementor-widget-image\" data-id=\"50167cb\" data-element_type=\"widget\" data-settings=\"{&quot;_position&quot;:&quot;absolute&quot;,&quot;motion_fx_motion_fx_mouse&quot;:&quot;yes&quot;,&quot;motion_fx_mouseTrack_effect&quot;:&quot;yes&quot;,&quot;motion_fx_mouseTrack_direction&quot;:&quot;negative&quot;,&quot;motion_fx_mouseTrack_speed&quot;:{&quot;unit&quot;:&quot;px&quot;,&quot;size&quot;:2,&quot;sizes&quot;:[]}}\" data-widget_type=\"image.default\">\n\t\t\t\t<div class=\"elementor-widget-container\">\n\t\t\t\t\t\t\t\t\t\t\t\t\t\t\t<img loading=\"lazy\" decoding=\"async\" width=\"51\" height=\"55\" src=\"https:\/\/www.gattifiltrazionilubrificanti.it\/wp-content\/uploads\/2025\/01\/gocce-gialle.svg\" class=\"attachment-full size-full wp-image-13211\" alt=\"\" \/>\t\t\t\t\t\t\t\t\t\t\t\t\t\t\t<\/div>\n\t\t\t\t<\/div>\n\t\t\t\t\t<\/div>\n\t\t<\/div>\n\t\t\t\t\t<\/div>\n\t\t<\/section>\n\t\t\t\t<section class=\"elementor-section elementor-top-section elementor-element elementor-element-3bf9f77 elementor-section-boxed elementor-section-height-default elementor-section-height-default\" data-id=\"3bf9f77\" data-element_type=\"section\">\n\t\t\t\t\t\t<div class=\"elementor-container elementor-column-gap-wider\">\n\t\t\t\t\t<div class=\"elementor-column elementor-col-100 elementor-top-column elementor-element elementor-element-b8b07cd\" data-id=\"b8b07cd\" data-element_type=\"column\">\n\t\t\t<div class=\"elementor-widget-wrap elementor-element-populated\">\n\t\t\t\t\t\t<div class=\"elementor-element elementor-element-c3be9eb elementor-widget elementor-widget-text-editor\" data-id=\"c3be9eb\" data-element_type=\"widget\" data-widget_type=\"text-editor.default\">\n\t\t\t\t<div class=\"elementor-widget-container\">\n\t\t\t\t\t\t\t\t\t<p>Entdecken Sie die <span class=\"evidenzia\">Testimonials<\/span><br \/>unserer <span class=\"evidenzia\">Kunden und Mitarbeiter<\/span><\/p>\t\t\t\t\t\t\t\t<\/div>\n\t\t\t\t<\/div>\n\t\t\t\t\t<\/div>\n\t\t<\/div>\n\t\t\t\t\t<\/div>\n\t\t<\/section>\n\t\t\t\t<section class=\"elementor-section elementor-top-section elementor-element elementor-element-7a012f8 elementor-section-boxed elementor-section-height-default elementor-section-height-default\" data-id=\"7a012f8\" data-element_type=\"section\">\n\t\t\t\t\t\t<div class=\"elementor-container elementor-column-gap-wider\">\n\t\t\t\t\t<div class=\"elementor-column elementor-col-50 elementor-top-column elementor-element elementor-element-fe227cb elementor-invisible\" data-id=\"fe227cb\" data-element_type=\"column\" data-settings=\"{&quot;animation&quot;:&quot;fadeInLeft&quot;}\">\n\t\t\t<div class=\"elementor-widget-wrap elementor-element-populated\">\n\t\t\t\t\t\t<div class=\"elementor-element elementor-element-c445fe5 elementor-cta--skin-cover elementor-cta--valign-middle elementor-animated-content elementor-bg-transform elementor-bg-transform-zoom-in elementor-widget elementor-widget-call-to-action\" data-id=\"c445fe5\" data-element_type=\"widget\" data-widget_type=\"call-to-action.default\">\n\t\t\t\t<div class=\"elementor-widget-container\">\n\t\t\t\t\t\t\t<a class=\"elementor-cta\" href=\"https:\/\/www.gattifiltrazionilubrificanti.it\/de\/referenzen\/kunden\/\">\n\t\t\t\t\t<div class=\"elementor-cta__bg-wrapper\">\n\t\t\t\t<div class=\"elementor-cta__bg elementor-bg\" style=\"background-image: url(https:\/\/www.gattifiltrazionilubrificanti.it\/wp-content\/uploads\/2025\/01\/testimonianze-clienti.jpg);\" role=\"img\" aria-label=\"testimonianze-clienti\"><\/div>\n\t\t\t\t<div class=\"elementor-cta__bg-overlay\"><\/div>\n\t\t\t<\/div>\n\t\t\t\t\t\t\t<div class=\"elementor-cta__content\">\n\t\t\t\t\n\t\t\t\t\t\t\t\t\t<h2 class=\"elementor-cta__title elementor-cta__content-item elementor-content-item elementor-animated-item--grow\">\n\t\t\t\t\t\tKunden\t\t\t\t\t<\/h2>\n\t\t\t\t\n\t\t\t\t\n\t\t\t\t\t\t\t<\/div>\n\t\t\t\t\t\t<\/a>\n\t\t\t\t\t\t<\/div>\n\t\t\t\t<\/div>\n\t\t\t\t\t<\/div>\n\t\t<\/div>\n\t\t\t\t<div class=\"elementor-column elementor-col-50 elementor-top-column elementor-element elementor-element-638df0b elementor-invisible\" data-id=\"638df0b\" data-element_type=\"column\" data-settings=\"{&quot;animation&quot;:&quot;fadeInRight&quot;}\">\n\t\t\t<div class=\"elementor-widget-wrap elementor-element-populated\">\n\t\t\t\t\t\t<div class=\"elementor-element elementor-element-ec9771b elementor-cta--skin-cover elementor-cta--valign-middle elementor-animated-content elementor-bg-transform elementor-bg-transform-zoom-in elementor-widget elementor-widget-call-to-action\" data-id=\"ec9771b\" data-element_type=\"widget\" data-widget_type=\"call-to-action.default\">\n\t\t\t\t<div class=\"elementor-widget-container\">\n\t\t\t\t\t\t\t<a class=\"elementor-cta\" href=\"https:\/\/www.gattifiltrazionilubrificanti.it\/de\/referezen\/mitarbeiter\/\">\n\t\t\t\t\t<div class=\"elementor-cta__bg-wrapper\">\n\t\t\t\t<div class=\"elementor-cta__bg elementor-bg\" style=\"background-image: url(https:\/\/www.gattifiltrazionilubrificanti.it\/wp-content\/uploads\/2025\/01\/testimonianze-collaboratori.jpg);\" role=\"img\" aria-label=\"testimonianze-collaboratori\"><\/div>\n\t\t\t\t<div class=\"elementor-cta__bg-overlay\"><\/div>\n\t\t\t<\/div>\n\t\t\t\t\t\t\t<div class=\"elementor-cta__content\">\n\t\t\t\t\n\t\t\t\t\t\t\t\t\t<h2 class=\"elementor-cta__title elementor-cta__content-item elementor-content-item elementor-animated-item--grow\">\n\t\t\t\t\t\tMitarbeiter\t\t\t\t\t<\/h2>\n\t\t\t\t\n\t\t\t\t\n\t\t\t\t\t\t\t<\/div>\n\t\t\t\t\t\t<\/a>\n\t\t\t\t\t\t<\/div>\n\t\t\t\t<\/div>\n\t\t\t\t\t<\/div>\n\t\t<\/div>\n\t\t\t\t\t<\/div>\n\t\t<\/section>\n\t\t\t\t<\/div>\n\t\t","protected":false},"excerpt":{"rendered":"<p>Referenzen Entdecken Sie die Testimonialsunserer Kunden und Mitarbeiter Kunden Mitarbeiter<\/p>\n","protected":false},"author":1,"featured_media":0,"parent":0,"menu_order":70,"comment_status":"closed","ping_status":"closed","template":"","meta":{"footnotes":""},"class_list":["post-13265","page","type-page","status-publish","hentry"],"yoast_head":"<!-- This site is optimized with the Yoast SEO plugin v26.8 - https:\/\/yoast.com\/product\/yoast-seo-wordpress\/ -->\n<title>Referenzen - Gatti - Schmiermittelfiltration - Industrielle Maschinenfiltration<\/title>\n<meta name=\"robots\" content=\"index, follow, max-snippet:-1, max-image-preview:large, max-video-preview:-1\" \/>\n<link rel=\"canonical\" href=\"https:\/\/www.gattifiltrazionilubrificanti.it\/de\/referenzen\/\" \/>\n<meta property=\"og:locale\" content=\"de_DE\" \/>\n<meta property=\"og:type\" content=\"article\" \/>\n<meta property=\"og:title\" content=\"Referenzen - Gatti - Schmiermittelfiltration - Industrielle Maschinenfiltration\" \/>\n<meta property=\"og:description\" content=\"Referenzen Entdecken Sie die Testimonialsunserer Kunden und Mitarbeiter Kunden Mitarbeiter\" \/>\n<meta property=\"og:url\" content=\"https:\/\/www.gattifiltrazionilubrificanti.it\/de\/referenzen\/\" \/>\n<meta property=\"og:site_name\" content=\"Gatti - Schmiermittelfiltration - Industrielle Maschinenfiltration\" \/>\n<meta property=\"article:publisher\" content=\"https:\/\/www.facebook.com\/Gattifiltrazionilubrificanti\/\" \/>\n<meta property=\"article:modified_time\" content=\"2025-02-28T15:59:58+00:00\" \/>\n<meta property=\"og:image\" content=\"https:\/\/www.gattifiltrazionilubrificanti.it\/wp-content\/uploads\/2025\/01\/gatti-07.jpg\" \/>\n\t<meta property=\"og:image:width\" content=\"1600\" \/>\n\t<meta property=\"og:image:height\" content=\"1067\" \/>\n\t<meta property=\"og:image:type\" content=\"image\/jpeg\" \/>\n<meta name=\"twitter:card\" content=\"summary_large_image\" \/>\n<script type=\"application\/ld+json\" class=\"yoast-schema-graph\">{\"@context\":\"https:\/\/schema.org\",\"@graph\":[{\"@type\":\"WebPage\",\"@id\":\"https:\/\/www.gattifiltrazionilubrificanti.it\/de\/referenzen\/\",\"url\":\"https:\/\/www.gattifiltrazionilubrificanti.it\/de\/referenzen\/\",\"name\":\"Referenzen - Gatti - Schmiermittelfiltration - Industrielle Maschinenfiltration\",\"isPartOf\":{\"@id\":\"https:\/\/www.gattifiltrazionilubrificanti.it\/de\/#website\"},\"primaryImageOfPage\":{\"@id\":\"https:\/\/www.gattifiltrazionilubrificanti.it\/de\/referenzen\/#primaryimage\"},\"image\":{\"@id\":\"https:\/\/www.gattifiltrazionilubrificanti.it\/de\/referenzen\/#primaryimage\"},\"thumbnailUrl\":\"https:\/\/www.gattifiltrazionilubrificanti.it\/wp-content\/uploads\/2025\/01\/trattini-bianchi-90.svg\",\"datePublished\":\"2025-01-12T09:28:34+00:00\",\"dateModified\":\"2025-02-28T15:59:58+00:00\",\"breadcrumb\":{\"@id\":\"https:\/\/www.gattifiltrazionilubrificanti.it\/de\/referenzen\/#breadcrumb\"},\"inLanguage\":\"de\",\"potentialAction\":[{\"@type\":\"ReadAction\",\"target\":[\"https:\/\/www.gattifiltrazionilubrificanti.it\/de\/referenzen\/\"]}]},{\"@type\":\"ImageObject\",\"inLanguage\":\"de\",\"@id\":\"https:\/\/www.gattifiltrazionilubrificanti.it\/de\/referenzen\/#primaryimage\",\"url\":\"https:\/\/www.gattifiltrazionilubrificanti.it\/wp-content\/uploads\/2025\/01\/trattini-bianchi-90.svg\",\"contentUrl\":\"https:\/\/www.gattifiltrazionilubrificanti.it\/wp-content\/uploads\/2025\/01\/trattini-bianchi-90.svg\"},{\"@type\":\"BreadcrumbList\",\"@id\":\"https:\/\/www.gattifiltrazionilubrificanti.it\/de\/referenzen\/#breadcrumb\",\"itemListElement\":[{\"@type\":\"ListItem\",\"position\":1,\"name\":\"Home\",\"item\":\"https:\/\/www.gattifiltrazionilubrificanti.it\/de\/\"},{\"@type\":\"ListItem\",\"position\":2,\"name\":\"Referenzen\"}]},{\"@type\":\"WebSite\",\"@id\":\"https:\/\/www.gattifiltrazionilubrificanti.it\/de\/#website\",\"url\":\"https:\/\/www.gattifiltrazionilubrificanti.it\/de\/\",\"name\":\"Gatti - Filtrazioni Lubrificanti - Filtrazioni Macchine Industriali\",\"description\":\"Analyse, Filtration und Management von Schmier\u00f6len. Tribologische Analysen, ma\u00dfgeschneiderte Behandlungen und Maschinenverleih f\u00fcr die industrielle \u00d6lfiltration.\",\"publisher\":{\"@id\":\"https:\/\/www.gattifiltrazionilubrificanti.it\/de\/#organization\"},\"alternateName\":\"Gatti Filtrazioni Lubrificanti\",\"potentialAction\":[{\"@type\":\"SearchAction\",\"target\":{\"@type\":\"EntryPoint\",\"urlTemplate\":\"https:\/\/www.gattifiltrazionilubrificanti.it\/de\/?s={search_term_string}\"},\"query-input\":{\"@type\":\"PropertyValueSpecification\",\"valueRequired\":true,\"valueName\":\"search_term_string\"}}],\"inLanguage\":\"de\"},{\"@type\":\"Organization\",\"@id\":\"https:\/\/www.gattifiltrazionilubrificanti.it\/de\/#organization\",\"name\":\"Gatti - Filtrazioni Lubrificanti\",\"url\":\"https:\/\/www.gattifiltrazionilubrificanti.it\/de\/\",\"logo\":{\"@type\":\"ImageObject\",\"inLanguage\":\"de\",\"@id\":\"https:\/\/www.gattifiltrazionilubrificanti.it\/de\/#\/schema\/logo\/image\/\",\"url\":\"https:\/\/www.gattifiltrazionilubrificanti.it\/wp-content\/uploads\/2020\/12\/gatti-logo-2.png\",\"contentUrl\":\"https:\/\/www.gattifiltrazionilubrificanti.it\/wp-content\/uploads\/2020\/12\/gatti-logo-2.png\",\"width\":800,\"height\":250,\"caption\":\"Gatti - Filtrazioni Lubrificanti\"},\"image\":{\"@id\":\"https:\/\/www.gattifiltrazionilubrificanti.it\/de\/#\/schema\/logo\/image\/\"},\"sameAs\":[\"https:\/\/www.facebook.com\/Gattifiltrazionilubrificanti\/\",\"https:\/\/www.instagram.com\/gattifiltrazionilubrificanti\/\",\"https:\/\/www.linkedin.com\/company\/gatti-filtrazioni-lubrificanti\/\",\"https:\/\/www.youtube.com\/channel\/UCx6aUZ_JiM-EK2e_mQ8-vTg\/videos\"]}]}<\/script>\n<!-- \/ Yoast SEO plugin. -->","yoast_head_json":{"title":"Referenzen - Gatti - Schmiermittelfiltration - Industrielle Maschinenfiltration","robots":{"index":"index","follow":"follow","max-snippet":"max-snippet:-1","max-image-preview":"max-image-preview:large","max-video-preview":"max-video-preview:-1"},"canonical":"https:\/\/www.gattifiltrazionilubrificanti.it\/de\/referenzen\/","og_locale":"de_DE","og_type":"article","og_title":"Referenzen - Gatti - Schmiermittelfiltration - Industrielle Maschinenfiltration","og_description":"Referenzen Entdecken Sie die Testimonialsunserer Kunden und Mitarbeiter Kunden Mitarbeiter","og_url":"https:\/\/www.gattifiltrazionilubrificanti.it\/de\/referenzen\/","og_site_name":"Gatti - Schmiermittelfiltration - Industrielle Maschinenfiltration","article_publisher":"https:\/\/www.facebook.com\/Gattifiltrazionilubrificanti\/","article_modified_time":"2025-02-28T15:59:58+00:00","og_image":[{"width":1600,"height":1067,"url":"https:\/\/www.gattifiltrazionilubrificanti.it\/wp-content\/uploads\/2025\/01\/gatti-07.jpg","type":"image\/jpeg"}],"twitter_card":"summary_large_image","schema":{"@context":"https:\/\/schema.org","@graph":[{"@type":"WebPage","@id":"https:\/\/www.gattifiltrazionilubrificanti.it\/de\/referenzen\/","url":"https:\/\/www.gattifiltrazionilubrificanti.it\/de\/referenzen\/","name":"Referenzen - Gatti - Schmiermittelfiltration - Industrielle Maschinenfiltration","isPartOf":{"@id":"https:\/\/www.gattifiltrazionilubrificanti.it\/de\/#website"},"primaryImageOfPage":{"@id":"https:\/\/www.gattifiltrazionilubrificanti.it\/de\/referenzen\/#primaryimage"},"image":{"@id":"https:\/\/www.gattifiltrazionilubrificanti.it\/de\/referenzen\/#primaryimage"},"thumbnailUrl":"https:\/\/www.gattifiltrazionilubrificanti.it\/wp-content\/uploads\/2025\/01\/trattini-bianchi-90.svg","datePublished":"2025-01-12T09:28:34+00:00","dateModified":"2025-02-28T15:59:58+00:00","breadcrumb":{"@id":"https:\/\/www.gattifiltrazionilubrificanti.it\/de\/referenzen\/#breadcrumb"},"inLanguage":"de","potentialAction":[{"@type":"ReadAction","target":["https:\/\/www.gattifiltrazionilubrificanti.it\/de\/referenzen\/"]}]},{"@type":"ImageObject","inLanguage":"de","@id":"https:\/\/www.gattifiltrazionilubrificanti.it\/de\/referenzen\/#primaryimage","url":"https:\/\/www.gattifiltrazionilubrificanti.it\/wp-content\/uploads\/2025\/01\/trattini-bianchi-90.svg","contentUrl":"https:\/\/www.gattifiltrazionilubrificanti.it\/wp-content\/uploads\/2025\/01\/trattini-bianchi-90.svg"},{"@type":"BreadcrumbList","@id":"https:\/\/www.gattifiltrazionilubrificanti.it\/de\/referenzen\/#breadcrumb","itemListElement":[{"@type":"ListItem","position":1,"name":"Home","item":"https:\/\/www.gattifiltrazionilubrificanti.it\/de\/"},{"@type":"ListItem","position":2,"name":"Referenzen"}]},{"@type":"WebSite","@id":"https:\/\/www.gattifiltrazionilubrificanti.it\/de\/#website","url":"https:\/\/www.gattifiltrazionilubrificanti.it\/de\/","name":"Gatti - Filtrazioni Lubrificanti - Filtrazioni Macchine Industriali","description":"Analyse, Filtration und Management von Schmier\u00f6len. Tribologische Analysen, ma\u00dfgeschneiderte Behandlungen und Maschinenverleih f\u00fcr die industrielle \u00d6lfiltration.","publisher":{"@id":"https:\/\/www.gattifiltrazionilubrificanti.it\/de\/#organization"},"alternateName":"Gatti Filtrazioni Lubrificanti","potentialAction":[{"@type":"SearchAction","target":{"@type":"EntryPoint","urlTemplate":"https:\/\/www.gattifiltrazionilubrificanti.it\/de\/?s={search_term_string}"},"query-input":{"@type":"PropertyValueSpecification","valueRequired":true,"valueName":"search_term_string"}}],"inLanguage":"de"},{"@type":"Organization","@id":"https:\/\/www.gattifiltrazionilubrificanti.it\/de\/#organization","name":"Gatti - Filtrazioni Lubrificanti","url":"https:\/\/www.gattifiltrazionilubrificanti.it\/de\/","logo":{"@type":"ImageObject","inLanguage":"de","@id":"https:\/\/www.gattifiltrazionilubrificanti.it\/de\/#\/schema\/logo\/image\/","url":"https:\/\/www.gattifiltrazionilubrificanti.it\/wp-content\/uploads\/2020\/12\/gatti-logo-2.png","contentUrl":"https:\/\/www.gattifiltrazionilubrificanti.it\/wp-content\/uploads\/2020\/12\/gatti-logo-2.png","width":800,"height":250,"caption":"Gatti - Filtrazioni Lubrificanti"},"image":{"@id":"https:\/\/www.gattifiltrazionilubrificanti.it\/de\/#\/schema\/logo\/image\/"},"sameAs":["https:\/\/www.facebook.com\/Gattifiltrazionilubrificanti\/","https:\/\/www.instagram.com\/gattifiltrazionilubrificanti\/","https:\/\/www.linkedin.com\/company\/gatti-filtrazioni-lubrificanti\/","https:\/\/www.youtube.com\/channel\/UCx6aUZ_JiM-EK2e_mQ8-vTg\/videos"]}]}},"_links":{"self":[{"href":"https:\/\/www.gattifiltrazionilubrificanti.it\/de\/wp-json\/wp\/v2\/pages\/13265","targetHints":{"allow":["GET"]}}],"collection":[{"href":"https:\/\/www.gattifiltrazionilubrificanti.it\/de\/wp-json\/wp\/v2\/pages"}],"about":[{"href":"https:\/\/www.gattifiltrazionilubrificanti.it\/de\/wp-json\/wp\/v2\/types\/page"}],"author":[{"embeddable":true,"href":"https:\/\/www.gattifiltrazionilubrificanti.it\/de\/wp-json\/wp\/v2\/users\/1"}],"replies":[{"embeddable":true,"href":"https:\/\/www.gattifiltrazionilubrificanti.it\/de\/wp-json\/wp\/v2\/comments?post=13265"}],"version-history":[{"count":0,"href":"https:\/\/www.gattifiltrazionilubrificanti.it\/de\/wp-json\/wp\/v2\/pages\/13265\/revisions"}],"wp:attachment":[{"href":"https:\/\/www.gattifiltrazionilubrificanti.it\/de\/wp-json\/wp\/v2\/media?parent=13265"}],"curies":[{"name":"wp","href":"https:\/\/api.w.org\/{rel}","templated":true}]}}